{"id":6991,"date":"2025-10-10T10:20:04","date_gmt":"2025-10-10T08:20:04","guid":{"rendered":"https:\/\/fbernadet.org\/?post_type=product&#038;p=6991"},"modified":"2026-04-07T15:10:13","modified_gmt":"2026-04-07T13:10:13","slug":"el-duelo-en-el-abuso-sexual-infantil","status":"publish","type":"product","link":"https:\/\/fbernadet.org\/es\/producto\/el-duelo-en-el-abuso-sexual-infantil\/","title":{"rendered":"El Duelo en el Abuso Sexual Infantil"},"content":{"rendered":"","protected":false},"excerpt":{"rendered":"<p><strong>Explora el duelo en el abuso sexual infantil<\/strong> desde una perspectiva cl\u00ednica, relacional y orientada a la reparaci\u00f3n emocional y simb\u00f3lica.<\/p>\n","protected":false},"featured_media":6992,"comment_status":"closed","ping_status":"closed","template":"","meta":{"_acf_changed":false,"_monsterinsights_skip_tracking":false,"_monsterinsights_sitenote_active":false,"_monsterinsights_sitenote_note":"","_monsterinsights_sitenote_category":0},"product_brand":[],"product_cat":[238,272],"product_tag":[],"class_list":{"0":"post-6991","1":"product","2":"type-product","3":"status-publish","4":"has-post-thumbnail","6":"product_cat-escuela-online","7":"product_cat-curs-professional-es","9":"first","10":"instock","11":"taxable","12":"shipping-taxable","13":"product-type-simple"},"acf":[],"_links":{"self":[{"href":"https:\/\/fbernadet.org\/es\/wp-json\/wp\/v2\/product\/6991","targetHints":{"allow":["GET"]}}],"collection":[{"href":"https:\/\/fbernadet.org\/es\/wp-json\/wp\/v2\/product"}],"about":[{"href":"https:\/\/fbernadet.org\/es\/wp-json\/wp\/v2\/types\/product"}],"replies":[{"embeddable":true,"href":"https:\/\/fbernadet.org\/es\/wp-json\/wp\/v2\/comments?post=6991"}],"wp:featuredmedia":[{"embeddable":true,"href":"https:\/\/fbernadet.org\/es\/wp-json\/wp\/v2\/media\/6992"}],"wp:attachment":[{"href":"https:\/\/fbernadet.org\/es\/wp-json\/wp\/v2\/media?parent=6991"}],"wp:term":[{"taxonomy":"product_brand","embeddable":true,"href":"https:\/\/fbernadet.org\/es\/wp-json\/wp\/v2\/product_brand?post=6991"},{"taxonomy":"product_cat","embeddable":true,"href":"https:\/\/fbernadet.org\/es\/wp-json\/wp\/v2\/product_cat?post=6991"},{"taxonomy":"product_tag","embeddable":true,"href":"https:\/\/fbernadet.org\/es\/wp-json\/wp\/v2\/product_tag?post=6991"}],"curies":[{"name":"wp","href":"https:\/\/api.w.org\/{rel}","templated":true}]}}