{"id":5379,"date":"2025-02-15T06:14:33","date_gmt":"2025-02-15T05:14:33","guid":{"rendered":"https:\/\/fbernadet.org\/?post_type=product&#038;p=5379"},"modified":"2026-03-27T13:57:25","modified_gmt":"2026-03-27T12:57:25","slug":"curso-abuso-sexual-infantil-identificacion-actuacion-y-prevencion","status":"publish","type":"product","link":"https:\/\/fbernadet.org\/es\/producto\/curso-abuso-sexual-infantil-identificacion-actuacion-y-prevencion\/","title":{"rendered":"Curso Abuso Sexual Infantil: identificaci\u00f3n, actuaci\u00f3n y prevenci\u00f3n"},"content":{"rendered":"","protected":false},"excerpt":{"rendered":"<p><strong>Aprender\u00e1s a identificar el abuso sexual infantil,<\/strong> sus din\u00e1micas, las dificultades que enfrentan las v\u00edctimas al revelar los hechos, y los factores de riesgo y protecci\u00f3n. Tambi\u00e9n conocer\u00e1s los <strong>principios para actuar y prevenir.<\/strong><\/p>\n","protected":false},"featured_media":2717,"comment_status":"closed","ping_status":"closed","template":"","meta":{"_acf_changed":false,"_monsterinsights_skip_tracking":false,"_monsterinsights_sitenote_active":false,"_monsterinsights_sitenote_note":"","_monsterinsights_sitenote_category":0},"product_brand":[],"product_cat":[238,272,235],"product_tag":[],"class_list":{"0":"post-5379","1":"product","2":"type-product","3":"status-publish","4":"has-post-thumbnail","6":"product_cat-escuela-online","7":"product_cat-curs-professional-es","8":"product_cat-sin-categoria","10":"first","11":"instock","12":"taxable","13":"shipping-taxable","14":"purchasable","15":"product-type-simple"},"acf":[],"_links":{"self":[{"href":"https:\/\/fbernadet.org\/es\/wp-json\/wp\/v2\/product\/5379","targetHints":{"allow":["GET"]}}],"collection":[{"href":"https:\/\/fbernadet.org\/es\/wp-json\/wp\/v2\/product"}],"about":[{"href":"https:\/\/fbernadet.org\/es\/wp-json\/wp\/v2\/types\/product"}],"replies":[{"embeddable":true,"href":"https:\/\/fbernadet.org\/es\/wp-json\/wp\/v2\/comments?post=5379"}],"wp:featuredmedia":[{"embeddable":true,"href":"https:\/\/fbernadet.org\/es\/wp-json\/wp\/v2\/media\/2717"}],"wp:attachment":[{"href":"https:\/\/fbernadet.org\/es\/wp-json\/wp\/v2\/media?parent=5379"}],"wp:term":[{"taxonomy":"product_brand","embeddable":true,"href":"https:\/\/fbernadet.org\/es\/wp-json\/wp\/v2\/product_brand?post=5379"},{"taxonomy":"product_cat","embeddable":true,"href":"https:\/\/fbernadet.org\/es\/wp-json\/wp\/v2\/product_cat?post=5379"},{"taxonomy":"product_tag","embeddable":true,"href":"https:\/\/fbernadet.org\/es\/wp-json\/wp\/v2\/product_tag?post=5379"}],"curies":[{"name":"wp","href":"https:\/\/api.w.org\/{rel}","templated":true}]}}