{"id":5373,"date":"2025-02-15T06:14:55","date_gmt":"2025-02-15T05:14:55","guid":{"rendered":"https:\/\/fbernadet.org\/?post_type=product&#038;p=5373"},"modified":"2026-03-25T17:25:47","modified_gmt":"2026-03-25T16:25:47","slug":"intervencion-psicologica-en-adultos-con-trauma-por-asi","status":"publish","type":"product","link":"https:\/\/fbernadet.org\/es\/producto\/intervencion-psicologica-en-adultos-con-trauma-por-asi\/","title":{"rendered":"Intervenci\u00f3n psicol\u00f3gica en adultos con trauma por ASI"},"content":{"rendered":"","protected":false},"excerpt":{"rendered":"<p><strong>Formaci\u00f3n Especializada en Psicolog\u00eda Cl\u00ednica y Salud. <\/strong>Capacitaci\u00f3n pr\u00e1ctica y \u00e9tica para profesionales que acompa\u00f1an a v\u00edctimas de ASI.<\/p>\n","protected":false},"featured_media":4623,"comment_status":"closed","ping_status":"closed","template":"","meta":{"_acf_changed":false,"_monsterinsights_skip_tracking":false,"_monsterinsights_sitenote_active":false,"_monsterinsights_sitenote_note":"","_monsterinsights_sitenote_category":0},"product_brand":[],"product_cat":[238,272],"product_tag":[],"class_list":{"0":"post-5373","1":"product","2":"type-product","3":"status-publish","4":"has-post-thumbnail","6":"product_cat-escuela-online","7":"product_cat-curs-professional-es","9":"first","10":"instock","11":"taxable","12":"shipping-taxable","13":"purchasable","14":"product-type-simple"},"acf":[],"_links":{"self":[{"href":"https:\/\/fbernadet.org\/es\/wp-json\/wp\/v2\/product\/5373","targetHints":{"allow":["GET"]}}],"collection":[{"href":"https:\/\/fbernadet.org\/es\/wp-json\/wp\/v2\/product"}],"about":[{"href":"https:\/\/fbernadet.org\/es\/wp-json\/wp\/v2\/types\/product"}],"replies":[{"embeddable":true,"href":"https:\/\/fbernadet.org\/es\/wp-json\/wp\/v2\/comments?post=5373"}],"wp:featuredmedia":[{"embeddable":true,"href":"https:\/\/fbernadet.org\/es\/wp-json\/wp\/v2\/media\/4623"}],"wp:attachment":[{"href":"https:\/\/fbernadet.org\/es\/wp-json\/wp\/v2\/media?parent=5373"}],"wp:term":[{"taxonomy":"product_brand","embeddable":true,"href":"https:\/\/fbernadet.org\/es\/wp-json\/wp\/v2\/product_brand?post=5373"},{"taxonomy":"product_cat","embeddable":true,"href":"https:\/\/fbernadet.org\/es\/wp-json\/wp\/v2\/product_cat?post=5373"},{"taxonomy":"product_tag","embeddable":true,"href":"https:\/\/fbernadet.org\/es\/wp-json\/wp\/v2\/product_tag?post=5373"}],"curies":[{"name":"wp","href":"https:\/\/api.w.org\/{rel}","templated":true}]}}