{"id":5361,"date":"2025-02-15T01:18:52","date_gmt":"2025-02-15T00:18:52","guid":{"rendered":"https:\/\/fbernadet.org\/producto\/victimitzacion-sexual-en-linia\/"},"modified":"2026-03-17T12:29:02","modified_gmt":"2026-03-17T11:29:02","slug":"victimitzacion-sexual-en-linia","status":"publish","type":"product","link":"https:\/\/fbernadet.org\/es\/producto\/victimitzacion-sexual-en-linia\/","title":{"rendered":"Victimizaci\u00f3n Sexual en L\u00ednea"},"content":{"rendered":"","protected":false},"excerpt":{"rendered":"<p>Proporciona herramientas para proteger a ni\u00f1os y adolescentes de los riesgos digitales, <strong>para gestionar la victimizaci\u00f3n sexual en l\u00ednea<\/strong> y para promover el uso responsable de la tecnolog\u00eda.<\/p>\n","protected":false},"featured_media":5364,"comment_status":"closed","ping_status":"closed","template":"","meta":{"_acf_changed":false,"_monsterinsights_skip_tracking":false,"_monsterinsights_sitenote_active":false,"_monsterinsights_sitenote_note":"","_monsterinsights_sitenote_category":0},"product_brand":[],"product_cat":[238,271],"product_tag":[],"class_list":{"0":"post-5361","1":"product","2":"type-product","3":"status-publish","4":"has-post-thumbnail","6":"product_cat-escuela-online","7":"product_cat-curs-escola-de-familia-es","9":"first","10":"instock","11":"taxable","12":"shipping-taxable","13":"product-type-simple"},"acf":[],"_links":{"self":[{"href":"https:\/\/fbernadet.org\/es\/wp-json\/wp\/v2\/product\/5361","targetHints":{"allow":["GET"]}}],"collection":[{"href":"https:\/\/fbernadet.org\/es\/wp-json\/wp\/v2\/product"}],"about":[{"href":"https:\/\/fbernadet.org\/es\/wp-json\/wp\/v2\/types\/product"}],"replies":[{"embeddable":true,"href":"https:\/\/fbernadet.org\/es\/wp-json\/wp\/v2\/comments?post=5361"}],"wp:featuredmedia":[{"embeddable":true,"href":"https:\/\/fbernadet.org\/es\/wp-json\/wp\/v2\/media\/5364"}],"wp:attachment":[{"href":"https:\/\/fbernadet.org\/es\/wp-json\/wp\/v2\/media?parent=5361"}],"wp:term":[{"taxonomy":"product_brand","embeddable":true,"href":"https:\/\/fbernadet.org\/es\/wp-json\/wp\/v2\/product_brand?post=5361"},{"taxonomy":"product_cat","embeddable":true,"href":"https:\/\/fbernadet.org\/es\/wp-json\/wp\/v2\/product_cat?post=5361"},{"taxonomy":"product_tag","embeddable":true,"href":"https:\/\/fbernadet.org\/es\/wp-json\/wp\/v2\/product_tag?post=5361"}],"curies":[{"name":"wp","href":"https:\/\/api.w.org\/{rel}","templated":true}]}}