{"id":5382,"date":"2025-02-15T06:14:07","date_gmt":"2025-02-15T05:14:07","guid":{"rendered":"https:\/\/fbernadet.org\/?post_type=product&#038;p=5382"},"modified":"2025-02-15T16:01:08","modified_gmt":"2025-02-15T15:01:08","slug":"formative-capsule-introduction-to-the-family-school","status":"publish","type":"product","link":"https:\/\/fbernadet.org\/en\/producto\/formative-capsule-introduction-to-the-family-school\/","title":{"rendered":"Formative capsule: Introduction to the Family School"},"content":{"rendered":"","protected":false},"excerpt":{"rendered":"<p><strong>L\u2019ESCOLA DE FAM\u00cdLIES<\/strong>\u00a0\u00e9s una iniciativa educativa cont\u00ednua que busca enfortir les habilitats i compet\u00e8ncies de les fam\u00edlies per criar els fills amb bon tracte i en un ambient protector i positiu.<\/p>\n<p>&nbsp;<\/p>\n","protected":false},"featured_media":4521,"comment_status":"open","ping_status":"closed","template":"","meta":{"_acf_changed":false,"_monsterinsights_skip_tracking":false,"_monsterinsights_sitenote_active":false,"_monsterinsights_sitenote_note":"","_monsterinsights_sitenote_category":0},"product_brand":[],"product_cat":[237,269],"product_tag":[],"class_list":{"0":"post-5382","1":"product","2":"type-product","3":"status-publish","4":"has-post-thumbnail","6":"product_cat-online-school","7":"product_cat-curs-escola-de-familia-en","9":"first","10":"instock","11":"taxable","12":"shipping-taxable","13":"product-type-simple"},"acf":[],"_links":{"self":[{"href":"https:\/\/fbernadet.org\/en\/wp-json\/wp\/v2\/product\/5382","targetHints":{"allow":["GET"]}}],"collection":[{"href":"https:\/\/fbernadet.org\/en\/wp-json\/wp\/v2\/product"}],"about":[{"href":"https:\/\/fbernadet.org\/en\/wp-json\/wp\/v2\/types\/product"}],"replies":[{"embeddable":true,"href":"https:\/\/fbernadet.org\/en\/wp-json\/wp\/v2\/comments?post=5382"}],"wp:featuredmedia":[{"embeddable":true,"href":"https:\/\/fbernadet.org\/en\/wp-json\/wp\/v2\/media\/4521"}],"wp:attachment":[{"href":"https:\/\/fbernadet.org\/en\/wp-json\/wp\/v2\/media?parent=5382"}],"wp:term":[{"taxonomy":"product_brand","embeddable":true,"href":"https:\/\/fbernadet.org\/en\/wp-json\/wp\/v2\/product_brand?post=5382"},{"taxonomy":"product_cat","embeddable":true,"href":"https:\/\/fbernadet.org\/en\/wp-json\/wp\/v2\/product_cat?post=5382"},{"taxonomy":"product_tag","embeddable":true,"href":"https:\/\/fbernadet.org\/en\/wp-json\/wp\/v2\/product_tag?post=5382"}],"curies":[{"name":"wp","href":"https:\/\/api.w.org\/{rel}","templated":true}]}}